{"id":548,"date":"2020-08-13T09:57:32","date_gmt":"2020-08-13T09:57:32","guid":{"rendered":"https:\/\/sai-thai.de\/?page_id=548"},"modified":"2025-09-05T16:27:36","modified_gmt":"2025-09-05T16:27:36","slug":"impressum","status":"publish","type":"page","link":"https:\/\/sai-thai.de\/?page_id=548","title":{"rendered":"Impressum"},"content":{"rendered":"\t\t<div data-elementor-type=\"wp-page\" data-elementor-id=\"548\" class=\"elementor elementor-548\" data-elementor-post-type=\"page\">\n\t\t\t\t\t\t<section class=\"elementor-section elementor-top-section elementor-element elementor-element-f9b2928 elementor-section-boxed elementor-section-height-default elementor-section-height-default\" data-id=\"f9b2928\" data-element_type=\"section\">\n\t\t\t\t\t\t<div class=\"elementor-container elementor-column-gap-default\">\n\t\t\t\t\t<div class=\"elementor-column elementor-col-100 elementor-top-column elementor-element elementor-element-58b2954\" data-id=\"58b2954\" data-element_type=\"column\">\n\t\t\t<div class=\"elementor-widget-wrap elementor-element-populated\">\n\t\t\t\t\t\t<div class=\"elementor-element elementor-element-fd9116b elementor-widget elementor-widget-text-editor\" data-id=\"fd9116b\" data-element_type=\"widget\" data-widget_type=\"text-editor.default\">\n\t\t\t\t<div class=\"elementor-widget-container\">\n\t\t\t\t\t\t\t\t\t<h5>Impressum<\/h5><p>Sai Thai Restaurant &amp; Bar<br \/>Pattana Naksut<br \/>Landhausstr. 1<br \/>88299 Leutkirch<\/p><p><strong>Kontaktm\u00f6glichkeiten<\/strong>:<\/p><p>Telefon: 07561\/72607<br \/>E-Mail: info@sai-thai.de<br \/>Web: www.sai-thai.de \u00a0<br \/>Umsatzsteuer-Identifikationsnummer gem. \u00a7 27a UStG: DE313251461<\/p><p><strong><u>Informationspflicht nach ODR-Verordnung (Verordnung EU Nr. 524\/2013), \u00a7 36 VSBG:<\/u><\/strong><\/p><p>Die Europ\u00e4ische Kommission stellt eine Plattform zur Online-Streitbeilegung (OS) bereit, die unter <a href=\"http:\/\/ec.europa.eu\/consumers\/odr\/\">http:\/\/ec.europa.eu\/consumers\/odr\/<\/a> zu finden ist. Mit dieser M\u00f6glichkeit einer Online-Streitbeilegung (OS) soll eine einfache, effiziente, schnelle und kosteng\u00fcnstige au\u00dfergerichtliche L\u00f6sung f\u00fcr Streitigkeiten angeboten werden (ODR-Verfahren). Die Details k\u00f6nnen Sie dem vorstehenden Link entnehmen. Zur Teilnahme an einem Streitbeilegungsverfahren vor einer Verbraucherschlichtungsstelle (ADR-Verfahren) sind wir nicht verpflichtet und nicht bereit.<\/p><ul><li><strong> 1 Haftung f\u00fcr Inhalte<\/strong><\/li><\/ul><p>F\u00fcr die eigenen Inhalte unserer Seiten sind wir nach den allgemeinen Gesetzen verantwortlich. Verbindliche Ausk\u00fcnfte, Beratungen, Empfehlungen oder Erkl\u00e4rungen erteilen wir ausschlie\u00dflich im Rahmen individueller Kommunikation.<\/p><p>Wir behalten uns vor, unser Internet-Angebot jederzeit zu \u00e4ndern, zu erg\u00e4nzen, zu k\u00fcrzen oder auch ganz einzustellen. Wir stehen auch nicht daf\u00fcr ein, dass Inhalte unseres Internet-Angebots f\u00fcr den Nutzer und seine Zwecke geeignet sind.<\/p><ul><li><strong> 2 Urheberrecht<\/strong><\/li><\/ul><p>Der Inhalt, die Gestaltung und der Aufbau unseres Internet-Angebotes sind urheberrechtlich gesch\u00fctzt und wir behalten uns s\u00e4mtliche Schutzrechte ausdr\u00fccklich vor. Insbesondere bed\u00fcrfen die Vervielf\u00e4ltigung, Bearbeitung, Verbreitung und jede Art der Verwertung der Inhalte unserer schriftlichen Zustimmung, sofern die Ma\u00dfnahme nicht nach gesetzlichen Vorschriften zustimmungsfrei erlaubt ist. Downloads und Kopien dieser Seite sind nun f\u00fcr den privaten, nicht kommerziellen Gebrauch gestattet und k\u00f6nnen zu Mahnungen f\u00fchren.<\/p><p>Webseite\/Produktfotos erstellt durch:<strong> CreativeCollective<\/strong> &#8211; Luciano Gasparro, <strong>IT-SEPP<\/strong> &#8211; Joseph Varga, <strong>Ronja Ramminger<\/strong><\/p>\t\t\t\t\t\t\t\t<\/div>\n\t\t\t\t<\/div>\n\t\t\t\t\t<\/div>\n\t\t<\/div>\n\t\t\t\t\t<\/div>\n\t\t<\/section>\n\t\t\t\t<\/div>\n\t\t","protected":false},"excerpt":{"rendered":"<p>Impressum Sai Thai Restaurant &amp; BarPattana NaksutLandhausstr. 188299 Leutkirch Kontaktm\u00f6glichkeiten: Telefon: 07561\/72607E-Mail: info@sai-thai.deWeb: www.sai-thai.de \u00a0Umsatzsteuer-Identifikationsnummer gem. \u00a7 27a UStG: DE313251461 Informationspflicht nach ODR-Verordnung (Verordnung EU Nr. 524\/2013), \u00a7 36 VSBG: Die Europ\u00e4ische Kommission stellt eine Plattform zur Online-Streitbeilegung (OS) bereit, die unter http:\/\/ec.europa.eu\/consumers\/odr\/ zu finden ist. Mit dieser M\u00f6glichkeit einer Online-Streitbeilegung (OS) soll eine einfache, [&hellip;]<\/p>\n","protected":false},"author":1,"featured_media":0,"parent":1881,"menu_order":0,"comment_status":"closed","ping_status":"closed","template":"elementor_header_footer","meta":{"footnotes":""},"class_list":["post-548","page","type-page","status-publish","hentry"],"_links":{"self":[{"href":"https:\/\/sai-thai.de\/index.php?rest_route=\/wp\/v2\/pages\/548","targetHints":{"allow":["GET"]}}],"collection":[{"href":"https:\/\/sai-thai.de\/index.php?rest_route=\/wp\/v2\/pages"}],"about":[{"href":"https:\/\/sai-thai.de\/index.php?rest_route=\/wp\/v2\/types\/page"}],"author":[{"embeddable":true,"href":"https:\/\/sai-thai.de\/index.php?rest_route=\/wp\/v2\/users\/1"}],"replies":[{"embeddable":true,"href":"https:\/\/sai-thai.de\/index.php?rest_route=%2Fwp%2Fv2%2Fcomments&post=548"}],"version-history":[{"count":32,"href":"https:\/\/sai-thai.de\/index.php?rest_route=\/wp\/v2\/pages\/548\/revisions"}],"predecessor-version":[{"id":2218,"href":"https:\/\/sai-thai.de\/index.php?rest_route=\/wp\/v2\/pages\/548\/revisions\/2218"}],"up":[{"embeddable":true,"href":"https:\/\/sai-thai.de\/index.php?rest_route=\/wp\/v2\/pages\/1881"}],"wp:attachment":[{"href":"https:\/\/sai-thai.de\/index.php?rest_route=%2Fwp%2Fv2%2Fmedia&parent=548"}],"curies":[{"name":"wp","href":"https:\/\/api.w.org\/{rel}","templated":true}]}}