{"id":2183,"date":"2025-08-23T17:57:05","date_gmt":"2025-08-23T17:57:05","guid":{"rendered":"https:\/\/sai-thai.de\/?page_id=2183"},"modified":"2026-04-24T16:05:38","modified_gmt":"2026-04-24T16:05:38","slug":"home-saithai","status":"publish","type":"page","link":"https:\/\/sai-thai.de\/?page_id=2183","title":{"rendered":"Home Sai Thai"},"content":{"rendered":"\t\t<div data-elementor-type=\"wp-page\" data-elementor-id=\"2183\" class=\"elementor elementor-2183\" data-elementor-post-type=\"page\">\n\t\t\t\t\t\t<section class=\"elementor-section elementor-top-section elementor-element elementor-element-5adcc6c7 elementor-section-full_width elementor-section-height-min-height elementor-section-height-default elementor-section-items-middle\" data-id=\"5adcc6c7\" data-element_type=\"section\" data-settings=\"{&quot;background_background&quot;:&quot;slideshow&quot;,&quot;background_slideshow_gallery&quot;:[{&quot;id&quot;:607,&quot;url&quot;:&quot;http:\\\/\\\/sai-thai.de\\\/wp-content\\\/uploads\\\/2020\\\/08\\\/Sai-Thai-36-von-1-scaled.jpg&quot;},{&quot;id&quot;:2276,&quot;url&quot;:&quot;http:\\\/\\\/sai-thai.de\\\/wp-content\\\/uploads\\\/2025\\\/08\\\/d731cac9-68f3-43e4-81f0-0d74aa637ed1-Kopie-scaled.jpg&quot;},{&quot;id&quot;:2149,&quot;url&quot;:&quot;http:\\\/\\\/sai-thai.de\\\/wp-content\\\/uploads\\\/2025\\\/08\\\/PHOTO-2025-08-17-18-49-41-4.jpg&quot;},{&quot;id&quot;:2151,&quot;url&quot;:&quot;http:\\\/\\\/sai-thai.de\\\/wp-content\\\/uploads\\\/2025\\\/08\\\/PHOTO-2025-08-17-18-49-41.jpg&quot;},{&quot;id&quot;:2135,&quot;url&quot;:&quot;http:\\\/\\\/sai-thai.de\\\/wp-content\\\/uploads\\\/2025\\\/08\\\/PHOTO-2025-08-17-18-49-40-1-1.jpg&quot;}],&quot;background_slideshow_slide_duration&quot;:2500,&quot;background_slideshow_loop&quot;:&quot;yes&quot;,&quot;background_slideshow_slide_transition&quot;:&quot;fade&quot;,&quot;background_slideshow_transition_duration&quot;:500}\">\n\t\t\t\t\t\t<div class=\"elementor-container elementor-column-gap-no\">\n\t\t\t\t\t<div class=\"elementor-column elementor-col-100 elementor-top-column elementor-element elementor-element-4989f3c0\" data-id=\"4989f3c0\" data-element_type=\"column\">\n\t\t\t<div class=\"elementor-widget-wrap\">\n\t\t\t\t\t\t\t<\/div>\n\t\t<\/div>\n\t\t\t\t\t<\/div>\n\t\t<\/section>\n\t\t\t\t<section class=\"elementor-section elementor-top-section elementor-element elementor-element-3b260c38 elementor-section-height-min-height elementor-section-content-middle elementor-section-items-stretch elementor-section-boxed elementor-section-height-default\" data-id=\"3b260c38\" data-element_type=\"section\">\n\t\t\t\t\t\t<div class=\"elementor-container elementor-column-gap-default\">\n\t\t\t\t\t<div class=\"elementor-column elementor-col-50 elementor-top-column elementor-element elementor-element-1b8ce377\" data-id=\"1b8ce377\" data-element_type=\"column\">\n\t\t\t<div class=\"elementor-widget-wrap elementor-element-populated\">\n\t\t\t\t\t\t<div class=\"elementor-element elementor-element-7b517da1 elementor-widget elementor-widget-heading\" data-id=\"7b517da1\" data-element_type=\"widget\" data-widget_type=\"heading.default\">\n\t\t\t\t<div class=\"elementor-widget-container\">\n\t\t\t\t\t<h2 class=\"elementor-heading-title elementor-size-default\">\"Thai-K\u00fcche ist Kunst zum Schmecken <br \/>und Geschichte zum Erleben\"<\/h2>\t\t\t\t<\/div>\n\t\t\t\t<\/div>\n\t\t\t\t<div class=\"elementor-element elementor-element-7393f8ab elementor-widget elementor-widget-text-editor\" data-id=\"7393f8ab\" data-element_type=\"widget\" data-widget_type=\"text-editor.default\">\n\t\t\t\t<div class=\"elementor-widget-container\">\n\t\t\t\t\t\t\t\t\t<p>Sawadee und herzlich willkommen im Sai Thai! Unser Restaurant vereint die authentische Kochkunst Thailands mit modernem Ambiente.<\/p><p>Warme Holzt\u00f6ne, sanftes Licht und die Aromen frischer Kr\u00e4uter schaffen einen Ort, an dem Genuss und Wohlf\u00fchlen eins werden.<\/p><p>Lassen Sie sich von der Vielfalt der thail\u00e4ndischen<br \/>K\u00fcche verf\u00fchren \u2013 von traditionellen Klassikern bis<br \/>zu neu interpretierten Gerichten.<\/p><p>Pattana Naksut<br \/>Inhaber<br \/>Sai Thai &amp; Luvia Restaurant<\/p>\t\t\t\t\t\t\t\t<\/div>\n\t\t\t\t<\/div>\n\t\t\t\t\t<\/div>\n\t\t<\/div>\n\t\t\t\t<div class=\"elementor-column elementor-col-50 elementor-top-column elementor-element elementor-element-564f0c76 elementor-hidden-tablet elementor-hidden-phone\" data-id=\"564f0c76\" data-element_type=\"column\" data-settings=\"{&quot;background_background&quot;:&quot;classic&quot;}\">\n\t\t\t<div class=\"elementor-widget-wrap elementor-element-populated\">\n\t\t\t\t\t\t<div class=\"elementor-element elementor-element-5d6681ca elementor-widget elementor-widget-spacer\" data-id=\"5d6681ca\" data-element_type=\"widget\" data-widget_type=\"spacer.default\">\n\t\t\t\t<div class=\"elementor-widget-container\">\n\t\t\t\t\t\t\t<div class=\"elementor-spacer\">\n\t\t\t<div class=\"elementor-spacer-inner\"><\/div>\n\t\t<\/div>\n\t\t\t\t\t\t<\/div>\n\t\t\t\t<\/div>\n\t\t\t\t\t<\/div>\n\t\t<\/div>\n\t\t\t\t\t<\/div>\n\t\t<\/section>\n\t\t\t\t<section class=\"elementor-section elementor-top-section elementor-element elementor-element-33ea1fdd elementor-section-height-min-height elementor-section-boxed elementor-section-height-default elementor-section-items-middle\" data-id=\"33ea1fdd\" data-element_type=\"section\">\n\t\t\t\t\t\t<div class=\"elementor-container elementor-column-gap-default\">\n\t\t\t\t\t<div class=\"elementor-column elementor-col-100 elementor-top-column elementor-element elementor-element-321913fe\" data-id=\"321913fe\" data-element_type=\"column\">\n\t\t\t<div class=\"elementor-widget-wrap elementor-element-populated\">\n\t\t\t\t\t\t<div class=\"elementor-element elementor-element-17acdf56 elementor-widget elementor-widget-heading\" data-id=\"17acdf56\" data-element_type=\"widget\" data-widget_type=\"heading.default\">\n\t\t\t\t<div class=\"elementor-widget-container\">\n\t\t\t\t\t<h2 class=\"elementor-heading-title elementor-size-default\">Sai Thai Specials<\/h2>\t\t\t\t<\/div>\n\t\t\t\t<\/div>\n\t\t\t\t<section class=\"elementor-section elementor-inner-section elementor-element elementor-element-4bbe7105 elementor-section-boxed elementor-section-height-default elementor-section-height-default\" data-id=\"4bbe7105\" data-element_type=\"section\" data-settings=\"{&quot;background_background&quot;:&quot;classic&quot;}\">\n\t\t\t\t\t\t<div class=\"elementor-container elementor-column-gap-default\">\n\t\t\t\t\t<div class=\"elementor-column elementor-col-50 elementor-inner-column elementor-element elementor-element-6d90bf1\" data-id=\"6d90bf1\" data-element_type=\"column\">\n\t\t\t<div class=\"elementor-widget-wrap elementor-element-populated\">\n\t\t\t\t\t\t<div class=\"elementor-element elementor-element-6aa7f881 elementor-widget-divider--view-line elementor-widget elementor-widget-divider\" data-id=\"6aa7f881\" data-element_type=\"widget\" data-widget_type=\"divider.default\">\n\t\t\t\t<div class=\"elementor-widget-container\">\n\t\t\t\t\t\t\t<div class=\"elementor-divider\">\n\t\t\t<span class=\"elementor-divider-separator\">\n\t\t\t\t\t\t<\/span>\n\t\t<\/div>\n\t\t\t\t\t\t<\/div>\n\t\t\t\t<\/div>\n\t\t\t\t<div class=\"elementor-element elementor-element-7434d226 elementor-widget elementor-widget-heading\" data-id=\"7434d226\" data-element_type=\"widget\" data-widget_type=\"heading.default\">\n\t\t\t\t<div class=\"elementor-widget-container\">\n\t\t\t\t\t<h2 class=\"elementor-heading-title elementor-size-default\">Wok Spargel<\/h2>\t\t\t\t<\/div>\n\t\t\t\t<\/div>\n\t\t\t\t<div class=\"elementor-element elementor-element-39941c20 elementor-widget elementor-widget-text-editor\" data-id=\"39941c20\" data-element_type=\"widget\" data-widget_type=\"text-editor.default\">\n\t\t\t\t<div class=\"elementor-widget-container\">\n\t\t\t\t\t\t\t\t\t<p>Knusprig gebratene Ente mit Chili, Paprika, gr\u00fcnem Spargel, Bambus und frischem Basilikum, serviert mit Jasmin-Duftreis<\/p><p>(scharf) <img decoding=\"async\" class=\"emoji\" style=\"background-color: #ffffff; font-size: 1rem;\" role=\"img\" draggable=\"false\" src=\"https:\/\/s.w.org\/images\/core\/emoji\/14.0.0\/svg\/1f336.svg\" alt=\"\ud83c\udf36\" \/><img decoding=\"async\" class=\"emoji\" style=\"background-color: #ffffff; font-size: 1rem;\" role=\"img\" draggable=\"false\" src=\"https:\/\/s.w.org\/images\/core\/emoji\/14.0.0\/svg\/1f336.svg\" alt=\"\ud83c\udf36\" \/><\/p>\t\t\t\t\t\t\t\t<\/div>\n\t\t\t\t<\/div>\n\t\t\t\t<div class=\"elementor-element elementor-element-5ef06a1b elementor-widget elementor-widget-heading\" data-id=\"5ef06a1b\" data-element_type=\"widget\" data-widget_type=\"heading.default\">\n\t\t\t\t<div class=\"elementor-widget-container\">\n\t\t\t\t\t<h2 class=\"elementor-heading-title elementor-size-default\">22,90 \u20ac<\/h2>\t\t\t\t<\/div>\n\t\t\t\t<\/div>\n\t\t\t\t\t<\/div>\n\t\t<\/div>\n\t\t\t\t<div class=\"elementor-column elementor-col-50 elementor-inner-column elementor-element elementor-element-04ba8ae\" data-id=\"04ba8ae\" data-element_type=\"column\">\n\t\t\t<div class=\"elementor-widget-wrap elementor-element-populated\">\n\t\t\t\t\t\t<div class=\"elementor-element elementor-element-26a1489 elementor-widget-divider--view-line elementor-widget elementor-widget-divider\" data-id=\"26a1489\" data-element_type=\"widget\" data-widget_type=\"divider.default\">\n\t\t\t\t<div class=\"elementor-widget-container\">\n\t\t\t\t\t\t\t<div class=\"elementor-divider\">\n\t\t\t<span class=\"elementor-divider-separator\">\n\t\t\t\t\t\t<\/span>\n\t\t<\/div>\n\t\t\t\t\t\t<\/div>\n\t\t\t\t<\/div>\n\t\t\t\t<div class=\"elementor-element elementor-element-34e84a2 elementor-widget elementor-widget-heading\" data-id=\"34e84a2\" data-element_type=\"widget\" data-widget_type=\"heading.default\">\n\t\t\t\t<div class=\"elementor-widget-container\">\n\t\t\t\t\t<h2 class=\"elementor-heading-title elementor-size-default\">Pan\u00e4ng Spargel<\/h2>\t\t\t\t<\/div>\n\t\t\t\t<\/div>\n\t\t\t\t<div class=\"elementor-element elementor-element-6e4106f elementor-widget elementor-widget-text-editor\" data-id=\"6e4106f\" data-element_type=\"widget\" data-widget_type=\"text-editor.default\">\n\t\t\t\t<div class=\"elementor-widget-container\">\n\t\t\t\t\t\t\t\t\t<p>Zarter gr\u00fcner Spargel in aromatischem rotem Kokos-Curry mit Paprika, dazu duftender Jasminreis<\/p><p>mit Ente\u00a0 22,90 \u20ac<\/p><p>mit gegrilltem Lachs\u00a0 24,90 \u20ac<\/p><p>mit knusprigem H\u00fchnchen\u00a0 20,50 \u20ac<\/p><p><span style=\"font-size: 1rem;\">(leicht scharf) <\/span><img decoding=\"async\" class=\"emoji\" style=\"background-color: #ffffff; font-size: 1rem;\" role=\"img\" draggable=\"false\" src=\"https:\/\/s.w.org\/images\/core\/emoji\/14.0.0\/svg\/1f336.svg\" alt=\"\ud83c\udf36\" \/><\/p>\t\t\t\t\t\t\t\t<\/div>\n\t\t\t\t<\/div>\n\t\t\t\t\t<\/div>\n\t\t<\/div>\n\t\t\t\t\t<\/div>\n\t\t<\/section>\n\t\t\t\t<section class=\"elementor-section elementor-inner-section elementor-element elementor-element-24b86ed9 elementor-section-boxed elementor-section-height-default elementor-section-height-default\" data-id=\"24b86ed9\" data-element_type=\"section\" data-settings=\"{&quot;background_background&quot;:&quot;classic&quot;}\">\n\t\t\t\t\t\t<div class=\"elementor-container elementor-column-gap-default\">\n\t\t\t\t\t<div class=\"elementor-column elementor-col-50 elementor-inner-column elementor-element elementor-element-3d24a715\" data-id=\"3d24a715\" data-element_type=\"column\">\n\t\t\t<div class=\"elementor-widget-wrap elementor-element-populated\">\n\t\t\t\t\t\t<div class=\"elementor-element elementor-element-35fc9313 elementor-widget-divider--view-line elementor-widget elementor-widget-divider\" data-id=\"35fc9313\" data-element_type=\"widget\" data-widget_type=\"divider.default\">\n\t\t\t\t<div class=\"elementor-widget-container\">\n\t\t\t\t\t\t\t<div class=\"elementor-divider\">\n\t\t\t<span class=\"elementor-divider-separator\">\n\t\t\t\t\t\t<\/span>\n\t\t<\/div>\n\t\t\t\t\t\t<\/div>\n\t\t\t\t<\/div>\n\t\t\t\t<div class=\"elementor-element elementor-element-69ca1ffd elementor-widget elementor-widget-heading\" data-id=\"69ca1ffd\" data-element_type=\"widget\" data-widget_type=\"heading.default\">\n\t\t\t\t<div class=\"elementor-widget-container\">\n\t\t\t\t\t<h2 class=\"elementor-heading-title elementor-size-default\">Street Spargel Wok<\/h2>\t\t\t\t<\/div>\n\t\t\t\t<\/div>\n\t\t\t\t<div class=\"elementor-element elementor-element-7376dd58 elementor-widget elementor-widget-text-editor\" data-id=\"7376dd58\" data-element_type=\"widget\" data-widget_type=\"text-editor.default\">\n\t\t\t\t<div class=\"elementor-widget-container\">\n\t\t\t\t\t\t\t\t\t<p>Gehackte Ente scharf angebraten mit Chili, Paprika, gr\u00fcnem Spargel und frischem Basilikum, getoppt mit Spiegelei, serviert mit Jasmin-Duftreis<\/p><p>(scharf)<img decoding=\"async\" class=\"emoji\" style=\"background-color: #ffffff; font-size: 1rem;\" role=\"img\" draggable=\"false\" src=\"https:\/\/s.w.org\/images\/core\/emoji\/14.0.0\/svg\/1f336.svg\" alt=\"\ud83c\udf36\" \/><img decoding=\"async\" class=\"emoji\" style=\"background-color: #ffffff; font-size: 1rem;\" role=\"img\" draggable=\"false\" src=\"https:\/\/s.w.org\/images\/core\/emoji\/14.0.0\/svg\/1f336.svg\" alt=\"\ud83c\udf36\" \/><\/p>\t\t\t\t\t\t\t\t<\/div>\n\t\t\t\t<\/div>\n\t\t\t\t<div class=\"elementor-element elementor-element-17fd405 elementor-widget elementor-widget-heading\" data-id=\"17fd405\" data-element_type=\"widget\" data-widget_type=\"heading.default\">\n\t\t\t\t<div class=\"elementor-widget-container\">\n\t\t\t\t\t<h2 class=\"elementor-heading-title elementor-size-default\">23,90 \u20ac<\/h2>\t\t\t\t<\/div>\n\t\t\t\t<\/div>\n\t\t\t\t\t<\/div>\n\t\t<\/div>\n\t\t\t\t<div class=\"elementor-column elementor-col-50 elementor-inner-column elementor-element elementor-element-4dd64cd\" data-id=\"4dd64cd\" data-element_type=\"column\">\n\t\t\t<div class=\"elementor-widget-wrap elementor-element-populated\">\n\t\t\t\t\t\t<div class=\"elementor-element elementor-element-c924312 elementor-widget-divider--view-line elementor-widget elementor-widget-divider\" data-id=\"c924312\" data-element_type=\"widget\" data-widget_type=\"divider.default\">\n\t\t\t\t<div class=\"elementor-widget-container\">\n\t\t\t\t\t\t\t<div class=\"elementor-divider\">\n\t\t\t<span class=\"elementor-divider-separator\">\n\t\t\t\t\t\t<\/span>\n\t\t<\/div>\n\t\t\t\t\t\t<\/div>\n\t\t\t\t<\/div>\n\t\t\t\t<div class=\"elementor-element elementor-element-8f0cfa1 elementor-widget elementor-widget-heading\" data-id=\"8f0cfa1\" data-element_type=\"widget\" data-widget_type=\"heading.default\">\n\t\t\t\t<div class=\"elementor-widget-container\">\n\t\t\t\t\t<h2 class=\"elementor-heading-title elementor-size-default\">Spargel Vegan Week<\/h2>\t\t\t\t<\/div>\n\t\t\t\t<\/div>\n\t\t\t\t<div class=\"elementor-element elementor-element-6a49865 elementor-widget elementor-widget-text-editor\" data-id=\"6a49865\" data-element_type=\"widget\" data-widget_type=\"text-editor.default\">\n\t\t\t\t<div class=\"elementor-widget-container\">\n\t\t\t\t\t\t\t\t\t<p>Gr\u00fcner Spargel in aromatischem rotem Kokos-Curry mit Paprika, frischem Gem\u00fcse, Tofu und Avocado, verfeinert mit Sesam, serviert mit Jasmin-Duftreis<\/p><p>(leicht scharf)<img decoding=\"async\" class=\"emoji\" style=\"background-color: #ffffff; font-size: 1rem;\" role=\"img\" draggable=\"false\" src=\"https:\/\/s.w.org\/images\/core\/emoji\/14.0.0\/svg\/1f336.svg\" alt=\"\ud83c\udf36\" \/><\/p>\t\t\t\t\t\t\t\t<\/div>\n\t\t\t\t<\/div>\n\t\t\t\t<div class=\"elementor-element elementor-element-e498680 elementor-widget elementor-widget-heading\" data-id=\"e498680\" data-element_type=\"widget\" data-widget_type=\"heading.default\">\n\t\t\t\t<div class=\"elementor-widget-container\">\n\t\t\t\t\t<h2 class=\"elementor-heading-title elementor-size-default\">20,90 \u20ac<\/h2>\t\t\t\t<\/div>\n\t\t\t\t<\/div>\n\t\t\t\t\t<\/div>\n\t\t<\/div>\n\t\t\t\t\t<\/div>\n\t\t<\/section>\n\t\t\t\t\t<\/div>\n\t\t<\/div>\n\t\t\t\t\t<\/div>\n\t\t<\/section>\n\t\t\t\t<section class=\"elementor-section elementor-top-section elementor-element elementor-element-38698af4 elementor-section-boxed elementor-section-height-default elementor-section-height-default\" data-id=\"38698af4\" data-element_type=\"section\" data-settings=\"{&quot;background_background&quot;:&quot;classic&quot;,&quot;background_motion_fx_motion_fx_scrolling&quot;:&quot;yes&quot;,&quot;background_motion_fx_translateY_effect&quot;:&quot;yes&quot;,&quot;background_motion_fx_devices&quot;:[&quot;tablet&quot;,&quot;mobile&quot;],&quot;background_motion_fx_translateY_speed&quot;:{&quot;unit&quot;:&quot;px&quot;,&quot;size&quot;:4,&quot;sizes&quot;:[]},&quot;background_motion_fx_translateY_affectedRange&quot;:{&quot;unit&quot;:&quot;%&quot;,&quot;size&quot;:&quot;&quot;,&quot;sizes&quot;:{&quot;start&quot;:0,&quot;end&quot;:100}}}\">\n\t\t\t\t\t\t<div class=\"elementor-container elementor-column-gap-default\">\n\t\t\t\t\t<div class=\"elementor-column elementor-col-100 elementor-top-column elementor-element elementor-element-63857352\" data-id=\"63857352\" data-element_type=\"column\">\n\t\t\t<div class=\"elementor-widget-wrap elementor-element-populated\">\n\t\t\t\t\t\t<div class=\"elementor-element elementor-element-72e0bfe5 elementor-cta--skin-cover elementor-cta--valign-middle elementor-bg-transform elementor-bg-transform-zoom-out elementor-widget elementor-widget-call-to-action\" data-id=\"72e0bfe5\" data-element_type=\"widget\" data-widget_type=\"call-to-action.default\">\n\t\t\t\t<div class=\"elementor-widget-container\">\n\t\t\t\t\t\t\t<div class=\"elementor-cta\">\n\t\t\t\t\t<div class=\"elementor-cta__bg-wrapper\">\n\t\t\t\t<div class=\"elementor-cta__bg elementor-bg\" style=\"background-image: url(https:\/\/sai-thai.de\/wp-content\/uploads\/2020\/08\/Sai-Thai-49-von-1-scaled.jpg);\" role=\"img\" aria-label=\"Sai Thai (49 von 1)\"><\/div>\n\t\t\t\t<div class=\"elementor-cta__bg-overlay\"><\/div>\n\t\t\t<\/div>\n\t\t\t\t\t\t\t<div class=\"elementor-cta__content\">\n\t\t\t\t\n\t\t\t\t\t\t\t\t\t<h2 class=\"elementor-cta__title elementor-cta__content-item elementor-content-item\">\n\t\t\t\t\t\tDie Empfehlung des Chefs\t\t\t\t\t<\/h2>\n\t\t\t\t\n\t\t\t\t\n\t\t\t\t\t\t\t\t\t<div class=\"elementor-cta__button-wrapper elementor-cta__content-item elementor-content-item \">\n\t\t\t\t\t<a class=\"elementor-cta__button elementor-button elementor-size-\" href=\"https:\/\/sai-thai.de\/?page_id=2200\">\n\t\t\t\t\t\tUNSERE SPEISEKARTE\t\t\t\t\t<\/a>\n\t\t\t\t\t<\/div>\n\t\t\t\t\t\t\t<\/div>\n\t\t\t\t\t\t<\/div>\n\t\t\t\t\t\t<\/div>\n\t\t\t\t<\/div>\n\t\t\t\t\t<\/div>\n\t\t<\/div>\n\t\t\t\t\t<\/div>\n\t\t<\/section>\n\t\t\t\t<section class=\"elementor-section elementor-top-section elementor-element elementor-element-7701f6a4 elementor-section-content-middle elementor-section-boxed elementor-section-height-default elementor-section-height-default\" data-id=\"7701f6a4\" data-element_type=\"section\" data-settings=\"{&quot;background_background&quot;:&quot;classic&quot;,&quot;background_motion_fx_motion_fx_scrolling&quot;:&quot;yes&quot;,&quot;background_motion_fx_translateY_effect&quot;:&quot;yes&quot;,&quot;background_motion_fx_translateY_speed&quot;:{&quot;unit&quot;:&quot;px&quot;,&quot;size&quot;:4,&quot;sizes&quot;:[]},&quot;background_motion_fx_translateY_affectedRange&quot;:{&quot;unit&quot;:&quot;%&quot;,&quot;size&quot;:&quot;&quot;,&quot;sizes&quot;:{&quot;start&quot;:0,&quot;end&quot;:100}},&quot;background_motion_fx_devices&quot;:[&quot;desktop&quot;,&quot;tablet&quot;,&quot;mobile&quot;]}\">\n\t\t\t\t\t\t<div class=\"elementor-container elementor-column-gap-default\">\n\t\t\t\t\t<div class=\"elementor-column elementor-col-50 elementor-top-column elementor-element elementor-element-77dea97b\" data-id=\"77dea97b\" data-element_type=\"column\">\n\t\t\t<div class=\"elementor-widget-wrap elementor-element-populated\">\n\t\t\t\t\t\t<div class=\"elementor-element elementor-element-2b726e39 elementor-widget elementor-widget-gallery\" data-id=\"2b726e39\" data-element_type=\"widget\" data-settings=\"{&quot;columns&quot;:&quot;2&quot;,&quot;gap&quot;:{&quot;unit&quot;:&quot;px&quot;,&quot;size&quot;:&quot;38&quot;,&quot;sizes&quot;:[]},&quot;image_hover_animation&quot;:&quot;grow&quot;,&quot;gallery_layout&quot;:&quot;masonry&quot;,&quot;columns_mobile&quot;:&quot;2&quot;,&quot;lazyload&quot;:&quot;yes&quot;,&quot;columns_tablet&quot;:2,&quot;gap_tablet&quot;:{&quot;unit&quot;:&quot;px&quot;,&quot;size&quot;:10,&quot;sizes&quot;:[]},&quot;gap_mobile&quot;:{&quot;unit&quot;:&quot;px&quot;,&quot;size&quot;:10,&quot;sizes&quot;:[]},&quot;content_hover_animation&quot;:&quot;fade-in&quot;}\" data-widget_type=\"gallery.default\">\n\t\t\t\t<div class=\"elementor-widget-container\">\n\t\t\t\t\t\t\t<div class=\"elementor-gallery__container\">\n\t\t\t\t\t\t\t<div class=\"e-gallery-item elementor-gallery-item elementor-animated-content\">\n\t\t\t\t\t<div class=\"e-gallery-image elementor-gallery-item__image\" data-thumbnail=\"https:\/\/sai-thai.de\/wp-content\/uploads\/2025\/08\/PHOTO-2025-08-17-18-49-40-1-1.jpg\" data-width=\"1365\" data-height=\"2048\" aria-label=\"\" role=\"img\" ><\/div>\n\t\t\t\t\t\t\t\t\t\t\t\t\t\t<\/div>\n\t\t\t\t\t\t\t<div class=\"e-gallery-item elementor-gallery-item elementor-animated-content\">\n\t\t\t\t\t<div class=\"e-gallery-image elementor-gallery-item__image\" data-thumbnail=\"https:\/\/sai-thai.de\/wp-content\/uploads\/2020\/08\/Sai-Thai-60-von-1-scaled.jpg\" data-width=\"1707\" data-height=\"2560\" aria-label=\"\" role=\"img\" ><\/div>\n\t\t\t\t\t\t\t\t\t\t\t\t\t\t<\/div>\n\t\t\t\t\t<\/div>\n\t\t\t\t\t<\/div>\n\t\t\t\t<\/div>\n\t\t\t\t\t<\/div>\n\t\t<\/div>\n\t\t\t\t<div class=\"elementor-column elementor-col-50 elementor-top-column elementor-element elementor-element-55525ae4\" data-id=\"55525ae4\" data-element_type=\"column\">\n\t\t\t<div class=\"elementor-widget-wrap elementor-element-populated\">\n\t\t\t\t\t\t<div class=\"elementor-element elementor-element-122ddbd7 elementor-widget elementor-widget-heading\" data-id=\"122ddbd7\" data-element_type=\"widget\" data-widget_type=\"heading.default\">\n\t\t\t\t<div class=\"elementor-widget-container\">\n\t\t\t\t\t<h2 class=\"elementor-heading-title elementor-size-default\">GAlerie<\/h2>\t\t\t\t<\/div>\n\t\t\t\t<\/div>\n\t\t\t\t<div class=\"elementor-element elementor-element-165f4fe5 elementor-align-center elementor-tablet-align-center elementor-widget elementor-widget-button\" data-id=\"165f4fe5\" data-element_type=\"widget\" data-widget_type=\"button.default\">\n\t\t\t\t<div class=\"elementor-widget-container\">\n\t\t\t\t\t\t\t\t\t<div class=\"elementor-button-wrapper\">\n\t\t\t\t\t<a class=\"elementor-button elementor-button-link elementor-size-sm\" href=\"https:\/\/sai-thai.de\/?page_id=2185\">\n\t\t\t\t\t\t<span class=\"elementor-button-content-wrapper\">\n\t\t\t\t\t\t\t\t\t<span class=\"elementor-button-text\">Erkunden sie unsere Gerichte<\/span>\n\t\t\t\t\t<\/span>\n\t\t\t\t\t<\/a>\n\t\t\t\t<\/div>\n\t\t\t\t\t\t\t\t<\/div>\n\t\t\t\t<\/div>\n\t\t\t\t\t<\/div>\n\t\t<\/div>\n\t\t\t\t\t<\/div>\n\t\t<\/section>\n\t\t\t\t<\/div>\n\t\t","protected":false},"excerpt":{"rendered":"<p>&#8222;Thai-K\u00fcche ist Kunst zum Schmecken und Geschichte zum Erleben&#8220; Sawadee und herzlich willkommen im Sai Thai! Unser Restaurant vereint die authentische Kochkunst Thailands mit modernem Ambiente. Warme Holzt\u00f6ne, sanftes Licht und die Aromen frischer Kr\u00e4uter schaffen einen Ort, an dem Genuss und Wohlf\u00fchlen eins werden. Lassen Sie sich von der Vielfalt der thail\u00e4ndischenK\u00fcche verf\u00fchren \u2013 [&hellip;]<\/p>\n","protected":false},"author":1,"featured_media":0,"parent":1881,"menu_order":0,"comment_status":"closed","ping_status":"closed","template":"elementor_header_footer","meta":{"footnotes":""},"class_list":["post-2183","page","type-page","status-publish","hentry"],"_links":{"self":[{"href":"https:\/\/sai-thai.de\/index.php?rest_route=\/wp\/v2\/pages\/2183","targetHints":{"allow":["GET"]}}],"collection":[{"href":"https:\/\/sai-thai.de\/index.php?rest_route=\/wp\/v2\/pages"}],"about":[{"href":"https:\/\/sai-thai.de\/index.php?rest_route=\/wp\/v2\/types\/page"}],"author":[{"embeddable":true,"href":"https:\/\/sai-thai.de\/index.php?rest_route=\/wp\/v2\/users\/1"}],"replies":[{"embeddable":true,"href":"https:\/\/sai-thai.de\/index.php?rest_route=%2Fwp%2Fv2%2Fcomments&post=2183"}],"version-history":[{"count":51,"href":"https:\/\/sai-thai.de\/index.php?rest_route=\/wp\/v2\/pages\/2183\/revisions"}],"predecessor-version":[{"id":2503,"href":"https:\/\/sai-thai.de\/index.php?rest_route=\/wp\/v2\/pages\/2183\/revisions\/2503"}],"up":[{"embeddable":true,"href":"https:\/\/sai-thai.de\/index.php?rest_route=\/wp\/v2\/pages\/1881"}],"wp:attachment":[{"href":"https:\/\/sai-thai.de\/index.php?rest_route=%2Fwp%2Fv2%2Fmedia&parent=2183"}],"curies":[{"name":"wp","href":"https:\/\/api.w.org\/{rel}","templated":true}]}}